{"id":13,"date":"2022-01-21T02:59:18","date_gmt":"2022-01-21T02:59:18","guid":{"rendered":"https:\/\/beta.rocketstudio.game\/?page_id=13"},"modified":"2025-11-03T17:41:23","modified_gmt":"2025-11-03T10:41:23","slug":"publish-with-us","status":"publish","type":"page","link":"https:\/\/rocketgamestudio.com\/vi\/publish-with-us\/","title":{"rendered":"H\u1ee3p T\u00e1c"},"content":{"rendered":"<div class=\"wp-block-boldblocks-group alignfull wp-block-boldblocks-custom bb:has-background bb:has-background--image js-animation-bg-scroll-horizontal is-layout-flow wp-block-boldblocks-group-is-layout-flow cbb-g-1 sm-cbb-padding-top sm-cbb-padding-bottom sm-cbb-text-align\"><div class=\"bb:block-background bb:block-background--image cbb-bg-image bg-scroll-horizontal\" style=\"background-image:url(https:\/\/rocketgamestudio.com\/wp-content\/uploads\/2022\/02\/bg-banner.jpg);background-position:50% 50%;background-repeat:repeat-x;background-size:cover;\"   data-src=\"https:\/\/rocketgamestudio.com\/wp-content\/uploads\/2022\/02\/bg-banner.jpg\" data-width=\"1920\" data-height=\"654\"><\/div>\n<h2 class=\"wp-block-heading mb-8 has-animation\" id=\"publish-with-us\">H\u1ee3p T\u00e1c<\/h2>\n\n\n\n<div class=\"wp-block-buttons is-content-justification-center is-layout-flex wp-container-core-buttons-is-layout-a89b3969 wp-block-buttons-is-layout-flex\">\n<div class=\"wp-block-button has-animation\"><a class=\"wp-block-button__link wp-element-button\" href=\"https:\/\/forms.gle\/LBzMhJUGHhcSi13A9\" target=\"_blank\" rel=\"noreferrer noopener\">G\u1eedi game<\/a><\/div>\n<\/div>\n<\/div>\n\n\n\n<div class=\"wp-block-boldblocks-group alignfull wp-block-boldblocks-custom is-layout-constrained wp-block-boldblocks-group-is-layout-constrained cbb-g-8 sm-cbb-padding-top sm-cbb-padding-bottom\">\n<h2 class=\"wp-block-heading has-text-align-center text-center text-white has-animation\" id=\"professional-publishing-process\">MANG S\u1ea2N PH\u1ea8M C\u1ee6A B\u1ea0N<br>V\u01af\u01a0N T\u1ea6M TH\u1ebe GI\u1edaI<\/h2>\n\n\n\n<div class=\"wp-block-boldblocks-archievement-repeater wp-block-boldblocks-custom-parent is-grid has-animation cbb-g-6 sm-cbb-padding-top sm-cbb-text-align sm-cbb-grid-columns sm-cbb-grid-gap-column sm-cbb-grid-gap-row\">\n<div class=\"wp-block-boldblocks-archievement wp-block-boldblocks-custom is-grid-item has-parent archievement-item bb:has-background-- bb:has-background bb:has-background--image is-layout-flow wp-block-boldblocks-archievement-is-layout-flow cbb-g-2 sm-cbb-padding-top sm-cbb-padding-right sm-cbb-padding-bottom sm-cbb-padding-left sm-cbb-grid-item-column sm-cbb-grid-item-row\"><div class=\"bb:block-background bb:block-background--image cbb-bg-image\" style=\"background-image:url(https:\/\/rocketgamestudio.com\/wp-content\/uploads\/2022\/02\/achieveBG.svg);background-position:50% 50%;background-repeat:no-repeat;background-size:cover;\"   data-src=\"https:\/\/rocketgamestudio.com\/wp-content\/uploads\/2022\/02\/achieveBG.svg\" data-width=\"0\" data-height=\"0\"><\/div>\n<figure class=\"wp-block-image size-full archievement-item__image w-50 mx-auto\"><img decoding=\"async\" src=\"https:\/\/beta.rocketstudio.game\/wp-content\/uploads\/2022\/02\/achieve1.svg\" alt=\"\" class=\"wp-image-135\"\/><\/figure>\n\n\n\n<h2 class=\"wp-block-heading archievement-item__title h3 text-white\" id=\"top-3-game-publisher-in-sea\">Top 3 Nh\u00e0 ph\u00e1t h\u00e0nh game h\u00e0ng \u0111\u1ea7u \u0110\u00f4ng Nam \u00c1<\/h2>\n<\/div>\n\n\n\n<div class=\"wp-block-boldblocks-archievement wp-block-boldblocks-custom is-grid-item has-parent archievement-item bb:has-background-- bb:has-background bb:has-background--image is-layout-flow wp-block-boldblocks-archievement-is-layout-flow cbb-g-3 sm-cbb-padding-top sm-cbb-padding-right sm-cbb-padding-bottom sm-cbb-padding-left sm-cbb-grid-item-column sm-cbb-grid-item-row\"><div class=\"bb:block-background bb:block-background--image cbb-bg-image\" style=\"background-image:url(https:\/\/rocketgamestudio.com\/wp-content\/uploads\/2022\/02\/achieveBG.svg);background-position:50% 50%;background-repeat:no-repeat;background-size:cover;\"   data-src=\"https:\/\/rocketgamestudio.com\/wp-content\/uploads\/2022\/02\/achieveBG.svg\" data-width=\"0\" data-height=\"0\"><\/div>\n<figure class=\"wp-block-image size-full archievement-item__image w-50 mx-auto\"><img decoding=\"async\" src=\"https:\/\/beta.rocketstudio.game\/wp-content\/uploads\/2022\/02\/achieve2.svg\" alt=\"\" class=\"wp-image-156\"\/><\/figure>\n\n\n\n<h2 class=\"wp-block-heading archievement-item__title h3 text-white\" id=\"top-3-game-publisher-in-sea\">3.000.000.000+ Downloads<\/h2>\n<\/div>\n\n\n\n<div class=\"wp-block-boldblocks-archievement wp-block-boldblocks-custom is-grid-item has-parent archievement-item bb:has-background-- bb:has-background bb:has-background--image is-layout-flow wp-block-boldblocks-archievement-is-layout-flow cbb-g-4 sm-cbb-padding-top sm-cbb-padding-right sm-cbb-padding-bottom sm-cbb-padding-left sm-cbb-grid-item-column sm-cbb-grid-item-row\"><div class=\"bb:block-background bb:block-background--image cbb-bg-image\" style=\"background-image:url(https:\/\/rocketgamestudio.com\/wp-content\/uploads\/2022\/02\/achieveBG.svg);background-position:50% 50%;background-repeat:no-repeat;background-size:cover;\"   data-src=\"https:\/\/rocketgamestudio.com\/wp-content\/uploads\/2022\/02\/achieveBG.svg\" data-width=\"0\" data-height=\"0\"><\/div>\n<figure class=\"wp-block-image size-full archievement-item__image w-50 mx-auto\"><img decoding=\"async\" src=\"https:\/\/beta.rocketstudio.game\/wp-content\/uploads\/2022\/02\/achieve3.svg\" alt=\"\" class=\"wp-image-159\"\/><\/figure>\n\n\n\n<h2 class=\"wp-block-heading archievement-item__title h3 text-white\" id=\"top-3-game-publisher-in-sea\">100+ Games Launch<\/h2>\n<\/div>\n\n\n\n<div class=\"wp-block-boldblocks-archievement wp-block-boldblocks-custom is-grid-item has-parent archievement-item bb:has-background-- bb:has-background bb:has-background--image is-layout-flow wp-block-boldblocks-archievement-is-layout-flow cbb-g-5 sm-cbb-padding-top sm-cbb-padding-right sm-cbb-padding-bottom sm-cbb-padding-left sm-cbb-grid-item-column sm-cbb-grid-item-row\"><div class=\"bb:block-background bb:block-background--image cbb-bg-image\" style=\"background-image:url(https:\/\/rocketgamestudio.com\/wp-content\/uploads\/2022\/02\/achieveBG.svg);background-position:50% 50%;background-repeat:no-repeat;background-size:cover;\"   data-src=\"https:\/\/rocketgamestudio.com\/wp-content\/uploads\/2022\/02\/achieveBG.svg\" data-width=\"0\" data-height=\"0\"><\/div>\n<figure class=\"wp-block-image size-full archievement-item__image w-50 mx-auto\"><img decoding=\"async\" src=\"https:\/\/beta.rocketstudio.game\/wp-content\/uploads\/2022\/02\/achieve4.svg\" alt=\"\" class=\"wp-image-161\"\/><\/figure>\n\n\n\n<h2 class=\"wp-block-heading archievement-item__title h3 text-white\" id=\"top-3-game-publisher-in-sea\">3.000.000+ Daily Active user<\/h2>\n<\/div>\n<\/div>\n\n\n\n<div class=\"wp-block-boldblocks-strategic-product-repeater wp-block-boldblocks-custom-parent is-grid strategic-product-grid has-animation cbb-g-7 sm-cbb-padding-top sm-cbb-grid-columns sm-cbb-grid-gap-column sm-cbb-grid-gap-row\">\n<div class=\"wp-block-boldblocks-strategic-product wp-block-boldblocks-custom is-grid-item has-parent strategic-product is-layout-flow wp-block-boldblocks-strategic-product-is-layout-flow\">\n<figure class=\"wp-block-image size-full\"><img decoding=\"async\" src=\"https:\/\/beta.rocketstudio.game\/wp-content\/uploads\/2022\/02\/ic1.svg\" alt=\"\" class=\"wp-image-308\"\/><\/figure>\n\n\n\n<h3 class=\"wp-block-heading strategic-product__title h5\" id=\"product-title\">N\u0103ng l\u1ef1c marketing UA kh\u00f4ng gi\u1edbi h\u1ea1n<\/h3>\n\n\n\n<p class=\"strategic-product__description\">Th\u00fac \u0111\u1ea9y quy m\u00f4 tr\u00f2 ch\u01a1i v\u1edbi ng\u00e2n s\u00e1ch l\u1edbn (l\u00ean \u0111\u1ebfn 250,000 USD m\u1ed9t ng\u00e0y)<\/p>\n<\/div>\n\n\n\n<div class=\"wp-block-boldblocks-strategic-product wp-block-boldblocks-custom is-grid-item has-parent strategic-product is-layout-flow wp-block-boldblocks-strategic-product-is-layout-flow\">\n<figure class=\"wp-block-image size-full strategic-product__image\"><img decoding=\"async\" src=\"https:\/\/beta.rocketstudio.game\/wp-content\/uploads\/2022\/02\/ic2.svg\" alt=\"\" class=\"wp-image-309\"\/><\/figure>\n\n\n\n<h3 class=\"wp-block-heading strategic-product__title h5\" id=\"product-title\">H\u1ec7 th\u1ed1ng \u0111o l\u01b0\u1eddng d\u1eef li\u1ec7u ch\u00ednh x\u00e1c.<\/h3>\n\n\n\n<p class=\"strategic-product__description\">T\u1eadn d\u1ee5ng t\u1ed1i \u0111a nh\u1eefng c\u00f4ng c\u1ee5 t\u00e2n ti\u1ebfn v\u1edbi kh\u1ea3 n\u0103ng truy c\u1eadp d\u1eef li\u1ec7u kh\u00f4ng gi\u1edbi h\u1ea1n \u0111\u1ec3 l\u1ea5y \u0111\u01b0\u1ee3c c\u00e1c th\u00f4ng tin ch\u00ednh x\u00e1c v\u1ec1 s\u1ea3n ph\u1ea9m.<\/p>\n<\/div>\n\n\n\n<div class=\"wp-block-boldblocks-strategic-product wp-block-boldblocks-custom is-grid-item has-parent strategic-product is-layout-flow wp-block-boldblocks-strategic-product-is-layout-flow\">\n<figure class=\"wp-block-image size-full strategic-product__image\"><img decoding=\"async\" src=\"https:\/\/beta.rocketstudio.game\/wp-content\/uploads\/2022\/02\/ic3.svg\" alt=\"\" class=\"wp-image-311\"\/><\/figure>\n\n\n\n<h3 class=\"wp-block-heading strategic-product__title h5\" id=\"product-title\">H\u1ed7 tr\u1ee3 \u0111\u1ec3 c\u1ea3i ti\u1ebfn s\u1ea3n ph\u1ea9m<br>t\u1eeb chuy\u00ean gia<\/h3>\n\n\n\n<p class=\"strategic-product__description\">\u0110\u1ed9i ng\u0169 v\u1edbi kinh nghi\u1ec7m l\u00e2u n\u0103m t\u1ea1o n\u00ean nh\u1eefng s\u1ea3n ph\u1ea9m tr\u0103m tri\u1ec7u l\u01b0\u1ee3t t\u1ea3i<\/p>\n<\/div>\n\n\n\n<div class=\"wp-block-boldblocks-strategic-product wp-block-boldblocks-custom is-grid-item has-parent strategic-product is-layout-flow wp-block-boldblocks-strategic-product-is-layout-flow\">\n<figure class=\"wp-block-image size-full strategic-product__image\"><img decoding=\"async\" src=\"https:\/\/beta.rocketstudio.game\/wp-content\/uploads\/2022\/02\/ic4.svg\" alt=\"\" class=\"wp-image-312\"\/><\/figure>\n\n\n\n<h3 class=\"wp-block-heading strategic-product__title h5\" id=\"product-title\">Chia s\u1ebb quy\u1ec1n l\u1ee3i h\u1ea5p d\u1eabn<\/h3>\n\n\n\n<p class=\"strategic-product__description\">M\u1ecdi \u0111i\u1ec1u kho\u1ea3n \u0111\u1ec1u \u0111\u01b0\u1ee3c th\u1ecfa thu\u1eadn tr\u01b0\u1edbc, \u0111\u1ea3m b\u1ea3o s\u1ef1 h\u00e0i l\u00f2ng t\u1eeb c\u1ea3 hai ph\u00eda<\/p>\n<\/div>\n<\/div>\n<\/div>\n\n\n\n<div class=\"wp-block-boldblocks-group alignfull wp-block-boldblocks-custom has-tertiary-background-color has-background is-layout-constrained wp-block-boldblocks-group-is-layout-constrained cbb-g-9 sm-cbb-padding-top sm-cbb-padding-bottom\">\n<h2 class=\"wp-block-heading has-text-align-center text-center text-white has-animation\" id=\"professional-publishing-process\">Quy tr\u00ecnh ph\u00e1t h\u00e0nh chuy\u00ean nghi\u1ec7p<\/h2>\n\n\n\n<figure class=\"wp-block-image size-full my-10 has-animation\"><img loading=\"lazy\" decoding=\"async\" width=\"1308\" height=\"421\" src=\"https:\/\/beta.rocketstudio.game\/wp-content\/uploads\/2022\/02\/publishing-process.png\" alt=\"\" class=\"wp-image-291\" srcset=\"https:\/\/rocketgamestudio.com\/wp-content\/uploads\/2022\/02\/publishing-process.png 1308w, https:\/\/rocketgamestudio.com\/wp-content\/uploads\/2022\/02\/publishing-process-300x97.png 300w, https:\/\/rocketgamestudio.com\/wp-content\/uploads\/2022\/02\/publishing-process-1024x330.png 1024w, https:\/\/rocketgamestudio.com\/wp-content\/uploads\/2022\/02\/publishing-process-768x247.png 768w, https:\/\/rocketgamestudio.com\/wp-content\/uploads\/2022\/02\/publishing-process-18x6.png 18w\" sizes=\"auto, (max-width: 1308px) 100vw, 1308px\" \/><\/figure>\n\n\n\n<div class=\"wp-block-buttons is-content-justification-center is-layout-flex wp-container-core-buttons-is-layout-a89b3969 wp-block-buttons-is-layout-flex\">\n<div class=\"wp-block-button has-animation\"><a class=\"wp-block-button__link wp-element-button\" href=\"https:\/\/forms.gle\/LBzMhJUGHhcSi13A9\" target=\"_blank\" rel=\"noreferrer noopener\">G\u1eedi game<\/a><\/div>\n<\/div>\n<\/div>\n\n\n\n<div class=\"wp-block-boldblocks-group alignfull wp-block-boldblocks-custom has-background is-layout-constrained wp-block-boldblocks-group-is-layout-constrained cbb-g-13 sm-cbb-padding-top sm-cbb-padding-bottom sm-cbb-text-align\" style=\"background-color:#100601;--bb--padding-top--sm:20px;--bb--padding-bottom--sm:20px;--bb--padding-top--md:var(--bb--padding-top--sm);--bb--padding-bottom--md:var(--bb--padding-bottom--sm);--bb--padding-top--lg:100px;--bb--padding-bottom--lg:100px;--bb--text-alignment--sm:var(--bb--text-alignment--lg);--bb--text-alignment--md:var(--bb--text-alignment--lg);--bb--text-alignment--lg:center\">\n<h2 class=\"has-text-align-center text-center text-white title-underline has-animation wp-block-heading\" id=\"our-archievements\">\u0110\u1ed1i t\u00e1c c\u1ee7a ch\u00fang t\u00f4i<\/h2>\n\n\n\n<div class=\"wp-block-boldblocks-partner-repeater wp-block-boldblocks-custom-parent is-grid partner-grid alignwide cbb-g-12 sm-cbb-padding-top cbb-align-items sm-cbb-v-align cbb-justify-items sm-cbb-grid-columns sm-cbb-grid-gap-column sm-cbb-grid-gap-row\" style=\"--bb--grid--columns--lg:repeat(4, minmax(0, 1fr));--bb--grid--columns--md:var(--bb--grid--columns--lg);--bb--grid--columns--sm:var(--bb--grid--columns--lg);--bb--grid--gap--row--lg:1rem;--bb--grid--gap--column--lg:1rem;--bb--grid--gap--row--md:var(--bb--grid--gap--row--lg);--bb--grid--gap--column--md:var(--bb--grid--gap--column--lg);--bb--grid--gap--row--sm:var(--bb--grid--gap--row--lg);--bb--grid--gap--column--sm:var(--bb--grid--gap--column--lg);--bb--padding-top--sm:20px;--bb--padding-top--md:var(--bb--padding-top--sm);--bb--padding-top--lg:60px;--bb--vertical-alignment--sm:var(--bb--vertical-alignment--lg);--bb--vertical-alignment--md:var(--bb--vertical-alignment--lg);--bb--vertical-alignment--lg:center\">\n<div class=\"wp-block-boldblocks-partner wp-block-boldblocks-custom is-grid-item has-parent partner-item is-layout-flow wp-block-boldblocks-partner-is-layout-flow cbb-g-10 cbb-justify-self sm-cbb-grid-item-column sm-cbb-grid-item-row\" style=\"--bb--grid-item--column--lg:auto \/ auto;--bb--grid-item--column--md:var(--bb--grid-item--column--lg);--bb--grid-item--order--md:var(--bb--grid-item--order--lg);--bb--grid-item--column--sm:var(--bb--grid-item--column--lg);--bb--grid-item--order--sm:var(--bb--grid-item--order--lg);--bb--grid-item--row--lg:auto \/ auto;--bb--grid-item--row--md:var(--bb--grid-item--row--lg);--bb--grid-item--row--sm:var(--bb--grid-item--row--lg)\">\n<figure class=\"wp-block-image size-full partner-item__image\"><img loading=\"lazy\" decoding=\"async\" width=\"138\" height=\"45\" src=\"https:\/\/beta.rocketstudio.game\/wp-content\/uploads\/2022\/02\/partner-google.png\" alt=\"\" class=\"wp-image-188\" srcset=\"https:\/\/rocketgamestudio.com\/wp-content\/uploads\/2022\/02\/partner-google.png 138w, https:\/\/rocketgamestudio.com\/wp-content\/uploads\/2022\/02\/partner-google-18x6.png 18w\" sizes=\"auto, (max-width: 138px) 100vw, 138px\" \/><\/figure>\n\n\n\n<figure class=\"wp-block-image size-full partner-item__image\"><img loading=\"lazy\" decoding=\"async\" width=\"174\" height=\"43\" src=\"https:\/\/beta.rocketstudio.game\/wp-content\/uploads\/2022\/02\/partner-ironsource.png\" alt=\"\" class=\"wp-image-192\" srcset=\"https:\/\/rocketgamestudio.com\/wp-content\/uploads\/2022\/02\/partner-ironsource.png 174w, https:\/\/rocketgamestudio.com\/wp-content\/uploads\/2022\/02\/partner-ironsource-18x4.png 18w\" sizes=\"auto, (max-width: 174px) 100vw, 174px\" \/><\/figure>\n<\/div>\n\n\n\n<div class=\"wp-block-boldblocks-partner wp-block-boldblocks-custom is-grid-item has-parent partner-item is-layout-flow wp-block-boldblocks-partner-is-layout-flow\" style=\"--bb--grid-item--column--lg:auto \/ auto;--bb--grid-item--column--md:var(--bb--grid-item--column--lg);--bb--grid-item--order--md:var(--bb--grid-item--order--lg);--bb--grid-item--column--sm:var(--bb--grid-item--column--lg);--bb--grid-item--order--sm:var(--bb--grid-item--order--lg);--bb--grid-item--row--lg:auto \/ auto;--bb--grid-item--row--md:var(--bb--grid-item--row--lg);--bb--grid-item--row--sm:var(--bb--grid-item--row--lg)\">\n<figure class=\"wp-block-image size-full partner-item__image\"><img loading=\"lazy\" decoding=\"async\" width=\"171\" height=\"33\" src=\"https:\/\/beta.rocketstudio.game\/wp-content\/uploads\/2022\/02\/partner-facebook.png\" alt=\"\" class=\"wp-image-189\" srcset=\"https:\/\/rocketgamestudio.com\/wp-content\/uploads\/2022\/02\/partner-facebook.png 171w, https:\/\/rocketgamestudio.com\/wp-content\/uploads\/2022\/02\/partner-facebook-18x3.png 18w\" sizes=\"auto, (max-width: 171px) 100vw, 171px\" \/><\/figure>\n\n\n\n<figure class=\"wp-block-image size-full partner-item__image\"><img loading=\"lazy\" decoding=\"async\" width=\"192\" height=\"35\" src=\"https:\/\/beta.rocketstudio.game\/wp-content\/uploads\/2022\/02\/partner-applovin.png\" alt=\"\" class=\"wp-image-193\" srcset=\"https:\/\/rocketgamestudio.com\/wp-content\/uploads\/2022\/02\/partner-applovin.png 192w, https:\/\/rocketgamestudio.com\/wp-content\/uploads\/2022\/02\/partner-applovin-184x35.png 184w, https:\/\/rocketgamestudio.com\/wp-content\/uploads\/2022\/02\/partner-applovin-18x3.png 18w\" sizes=\"auto, (max-width: 192px) 100vw, 192px\" \/><\/figure>\n<\/div>\n\n\n\n<div class=\"wp-block-boldblocks-partner wp-block-boldblocks-custom is-grid-item has-parent partner-item is-layout-flow wp-block-boldblocks-partner-is-layout-flow\" style=\"--bb--grid-item--column--lg:auto \/ auto;--bb--grid-item--column--md:var(--bb--grid-item--column--lg);--bb--grid-item--order--md:var(--bb--grid-item--order--lg);--bb--grid-item--column--sm:var(--bb--grid-item--column--lg);--bb--grid-item--order--sm:var(--bb--grid-item--order--lg);--bb--grid-item--row--lg:auto \/ auto;--bb--grid-item--row--md:var(--bb--grid-item--row--lg);--bb--grid-item--row--sm:var(--bb--grid-item--row--lg)\">\n<figure class=\"wp-block-image size-full partner-item__image\"><img loading=\"lazy\" decoding=\"async\" width=\"162\" height=\"59\" src=\"https:\/\/beta.rocketstudio.game\/wp-content\/uploads\/2022\/02\/partner-unity.png\" alt=\"\" class=\"wp-image-190\" srcset=\"https:\/\/rocketgamestudio.com\/wp-content\/uploads\/2022\/02\/partner-unity.png 162w, https:\/\/rocketgamestudio.com\/wp-content\/uploads\/2022\/02\/partner-unity-18x7.png 18w\" sizes=\"auto, (max-width: 162px) 100vw, 162px\" \/><\/figure>\n\n\n\n<figure class=\"wp-block-image size-full partner-item__image\"><img loading=\"lazy\" decoding=\"async\" width=\"184\" height=\"54\" src=\"https:\/\/beta.rocketstudio.game\/wp-content\/uploads\/2022\/02\/partner-appsflyer.png\" alt=\"\" class=\"wp-image-194\" srcset=\"https:\/\/rocketgamestudio.com\/wp-content\/uploads\/2022\/02\/partner-appsflyer.png 184w, https:\/\/rocketgamestudio.com\/wp-content\/uploads\/2022\/02\/partner-appsflyer-18x5.png 18w\" sizes=\"auto, (max-width: 184px) 100vw, 184px\" \/><\/figure>\n<\/div>\n\n\n\n<div class=\"wp-block-boldblocks-partner wp-block-boldblocks-custom is-grid-item has-parent partner-item is-layout-flow wp-block-boldblocks-partner-is-layout-flow cbb-g-11 cbb-justify-self sm-cbb-grid-item-column sm-cbb-grid-item-row\" style=\"--bb--grid-item--column--lg:auto \/ auto;--bb--grid-item--column--md:var(--bb--grid-item--column--lg);--bb--grid-item--order--md:var(--bb--grid-item--order--lg);--bb--grid-item--column--sm:var(--bb--grid-item--column--lg);--bb--grid-item--order--sm:var(--bb--grid-item--order--lg);--bb--grid-item--row--lg:auto \/ auto;--bb--grid-item--row--md:var(--bb--grid-item--row--lg);--bb--grid-item--row--sm:var(--bb--grid-item--row--lg)\">\n<figure class=\"wp-block-image size-full partner-item__image\"><img loading=\"lazy\" decoding=\"async\" width=\"179\" height=\"52\" src=\"https:\/\/beta.rocketstudio.game\/wp-content\/uploads\/2022\/02\/partner-tiktok.png\" alt=\"\" class=\"wp-image-191\" srcset=\"https:\/\/rocketgamestudio.com\/wp-content\/uploads\/2022\/02\/partner-tiktok.png 179w, https:\/\/rocketgamestudio.com\/wp-content\/uploads\/2022\/02\/partner-tiktok-18x5.png 18w\" sizes=\"auto, (max-width: 179px) 100vw, 179px\" \/><\/figure>\n\n\n\n<figure class=\"wp-block-image size-full partner-item__image\"><img loading=\"lazy\" decoding=\"async\" width=\"203\" height=\"50\" src=\"https:\/\/beta.rocketstudio.game\/wp-content\/uploads\/2022\/02\/partner-sensortower.png\" alt=\"\" class=\"wp-image-195\" srcset=\"https:\/\/rocketgamestudio.com\/wp-content\/uploads\/2022\/02\/partner-sensortower.png 203w, https:\/\/rocketgamestudio.com\/wp-content\/uploads\/2022\/02\/partner-sensortower-18x4.png 18w\" sizes=\"auto, (max-width: 203px) 100vw, 203px\" \/><\/figure>\n<\/div>\n<\/div>\n<\/div>","protected":false},"excerpt":{"rendered":"","protected":false},"author":1,"featured_media":0,"parent":0,"menu_order":0,"comment_status":"closed","ping_status":"closed","template":"","meta":{"CBBTypography":[],"footnotes":""},"class_list":["post-13","page","type-page","status-publish","hentry"],"_links":{"self":[{"href":"https:\/\/rocketgamestudio.com\/vi\/wp-json\/wp\/v2\/pages\/13","targetHints":{"allow":["GET"]}}],"collection":[{"href":"https:\/\/rocketgamestudio.com\/vi\/wp-json\/wp\/v2\/pages"}],"about":[{"href":"https:\/\/rocketgamestudio.com\/vi\/wp-json\/wp\/v2\/types\/page"}],"author":[{"embeddable":true,"href":"https:\/\/rocketgamestudio.com\/vi\/wp-json\/wp\/v2\/users\/1"}],"replies":[{"embeddable":true,"href":"https:\/\/rocketgamestudio.com\/vi\/wp-json\/wp\/v2\/comments?post=13"}],"version-history":[{"count":33,"href":"https:\/\/rocketgamestudio.com\/vi\/wp-json\/wp\/v2\/pages\/13\/revisions"}],"predecessor-version":[{"id":8049,"href":"https:\/\/rocketgamestudio.com\/vi\/wp-json\/wp\/v2\/pages\/13\/revisions\/8049"}],"wp:attachment":[{"href":"https:\/\/rocketgamestudio.com\/vi\/wp-json\/wp\/v2\/media?parent=13"}],"curies":[{"name":"wp","href":"https:\/\/api.w.org\/{rel}","templated":true}]}}