{"id":12,"date":"2022-01-21T02:59:17","date_gmt":"2022-01-21T02:59:17","guid":{"rendered":"https:\/\/beta.rocketstudio.game\/?page_id=12"},"modified":"2026-01-13T10:06:49","modified_gmt":"2026-01-13T03:06:49","slug":"work-with-us","status":"publish","type":"page","link":"https:\/\/rocketgamestudio.com\/vi\/work-with-us\/","title":{"rendered":"Tuy\u1ec3n D\u1ee5ng"},"content":{"rendered":"<div class=\"wp-block-boldblocks-group alignfull wp-block-boldblocks-custom bb:has-background bb:has-background--image js-animation-bg-parallax is-layout-constrained wp-block-boldblocks-group-is-layout-constrained cbb-g-3 sm-cbb-padding-top sm-cbb-padding-bottom sm-cbb-text-align bb:has-overlay\"><div class=\"bb:block-background bb:block-background--image cbb-bg-image bg-parallax\" style=\"background-image:url(https:\/\/rocketstudio.game\/wp-content\/uploads\/2025\/09\/z6982686368228_7919fc3f2170c6d703337c3160219749.jpg);background-position:50% 75%;background-repeat:no-repeat;background-size:cover;\"   data-speed=\"0.5\" data-opacity=\"true\" data-src=\"https:\/\/rocketstudio.game\/wp-content\/uploads\/2025\/09\/z6982686368228_7919fc3f2170c6d703337c3160219749.jpg\"><\/div><div aria-hidden=\"true\" class=\"bb:block-overlay\" style=\"background:var(--wp--preset--color--background, #100601);opacity:0.6;\"><\/div>\n<div class=\"wp-block-boldblocks-grid-item-repeater wp-block-boldblocks-custom-parent is-grid has-animation cbb-g-2 sm-cbb-padding-right sm-cbb-padding-left sm-cbb-grid-columns sm-cbb-grid-gap-column sm-cbb-grid-gap-row\">\n<div class=\"wp-block-boldblocks-grid-item wp-block-boldblocks-custom is-grid-item has-parent is-layout-flow wp-block-boldblocks-grid-item-is-layout-flow\">\n<h2 class=\"wp-block-heading title-underline\" id=\"succeed-together\">Th\u00e0nh c\u00f4ng s\u1ebd t\u1ef1 \u0111\u1ebfn khi ch\u00fang ta gi\u00fap ng\u01b0\u1eddi kh\u00e1c th\u00e0nh c\u00f4ng!<\/h2>\n<\/div>\n\n\n\n<div class=\"wp-block-boldblocks-grid-item wp-block-boldblocks-custom is-grid-item has-parent is-layout-flow wp-block-boldblocks-grid-item-is-layout-flow cbb-g-1 sm-cbb-margin-top sm-cbb-margin-bottom sm-cbb-grid-item-column sm-cbb-grid-item-row\">\n<p>B\u1ea1n l\u00e0 m\u1ed9t ng\u01b0\u1eddi \u201cngh\u0129 l\u1edbn\u201d, v\u00e0 \u0111ang t\u00ecm ki\u1ebfm m\u1ed9t \u0111\u1ed9i nh\u00f3m th\u1eadt t\u1ed1t \u0111\u1ec3 c\u00f9ng nhau l\u00e0m l\u1edbn? Rocket Studio c\u00f3 m\u1ecdi th\u1ee9 b\u1ea1n c\u1ea7n \u0111\u1ec3 ph\u00e1t tri\u1ec3n kh\u1ea3 n\u0103ng v\u00e0 nu\u00f4i d\u01b0\u1ee1ng \u0111am m\u00ea!<\/p>\n<\/div>\n\n\n\n<div class=\"wp-block-boldblocks-grid-item wp-block-boldblocks-custom is-grid-item has-parent is-layout-flow wp-block-boldblocks-grid-item-is-layout-flow\">\n<div class=\"wp-block-buttons is-content-justification-center is-layout-flex wp-container-core-buttons-is-layout-a89b3969 wp-block-buttons-is-layout-flex\">\n<div class=\"wp-block-button\"><a class=\"wp-block-button__link wp-element-button\" href=\"#job-board\">V\u1ecb tr\u00ed \u1ee9ng tuy\u1ec3n<\/a><\/div>\n<\/div>\n<\/div>\n<\/div>\n<\/div>\n\n\n\n<div class=\"wp-block-boldblocks-group alignfull wp-block-boldblocks-custom is-layout-constrained wp-block-boldblocks-group-is-layout-constrained cbb-g-5 sm-cbb-padding-top sm-cbb-padding-bottom sm-cbb-text-align\">\n<h2 class=\"wp-block-heading has-animation\" id=\"what-makes-you-love-rocket\">NH\u1eeeNG \u0110I\u1ec0U B\u1ea0N S\u1ebc TH\u00cdCH \u1ede ROCKET<\/h2>\n\n\n\n<div class=\"wp-block-boldblocks-feature-item-repeater wp-block-boldblocks-custom-parent is-grid why-work-with-us has-animation cbb-g-4 sm-cbb-padding-top sm-cbb-grid-columns sm-cbb-grid-gap-column sm-cbb-grid-gap-row\">\n<div class=\"wp-block-boldblocks-feature-item wp-block-boldblocks-custom is-grid-item has-parent is-layout-flow wp-block-boldblocks-feature-item-is-layout-flow\">\n<figure class=\"wp-block-image size-full mx-auto\"><img decoding=\"async\" src=\"https:\/\/beta.rocketstudio.game\/wp-content\/uploads\/2022\/02\/icon1.svg\" alt=\"\" class=\"wp-image-352\"\/><\/figure>\n\n\n\n<h3 class=\"wp-block-heading text-primary\" id=\"work-with-giants-in-the-field\">C\u01a1 h\u1ed9i l\u00e0m vi\u1ec7c c\u00f9ng \u0111\u1ed1i t\u00e1c l\u1edbn<\/h3>\n\n\n\n<p>Facebook, Google, Unity\u2026 \u0111\u1ec1u l\u00e0 c\u00e1c \u0111\u1ed1i t\u00e1c chi\u1ebfn l\u01b0\u1ee3c c\u1ee7a c\u00f4ng ty.<\/p>\n<\/div>\n\n\n\n<div class=\"wp-block-boldblocks-feature-item wp-block-boldblocks-custom is-grid-item has-parent is-layout-flow wp-block-boldblocks-feature-item-is-layout-flow\">\n<figure class=\"wp-block-image size-full mx-auto\"><img decoding=\"async\" src=\"https:\/\/beta.rocketstudio.game\/wp-content\/uploads\/2022\/02\/icon2.svg\" alt=\"\" class=\"wp-image-365\"\/><\/figure>\n\n\n\n<h3 class=\"wp-block-heading text-primary\" id=\"work-with-giants-in-the-field\">Quy tr\u00ecnh \u0111\u00e0o t\u1ea1o chuy\u00ean nghi\u1ec7p<\/h3>\n\n\n\n<p>H\u1ecdc h\u1ecfi t\u1eeb nh\u1eefng chuy\u00ean gia v\u1edbi nhi\u1ec1u n\u0103m kinh nghi\u1ec7m trong s\u1ea3n xu\u1ea5t v\u00e0 ph\u00e1t h\u00e0nh games tri\u1ec7u \u0111\u00f4.<\/p>\n<\/div>\n\n\n\n<div class=\"wp-block-boldblocks-feature-item wp-block-boldblocks-custom is-grid-item has-parent is-layout-flow wp-block-boldblocks-feature-item-is-layout-flow\">\n<figure class=\"wp-block-image size-full mx-auto\"><img decoding=\"async\" src=\"https:\/\/beta.rocketstudio.game\/wp-content\/uploads\/2022\/02\/icon3.svg\" alt=\"\" class=\"wp-image-366\"\/><\/figure>\n\n\n\n<h3 class=\"wp-block-heading text-primary\" id=\"work-with-giants-in-the-field\">Thu nh\u1eadp h\u1ea5p d\u1eabn, ph\u00fac l\u1ee3i kh\u00f4ng gi\u1edbi h\u1ea1n<\/h3>\n\n\n\n<p>Nh\u1eadn th\u01b0\u1edfng t\u1eeb c\u00e1c d\u1ef1 \u00e1n th\u00e0nh c\u00f4ng, tr\u00e0 chi\u1ec1u m\u1ed7i ng\u00e0y, qu\u00e0 t\u1eb7ng m\u1ed7i d\u1ecbp l\u1ec5 T\u1ebft...<\/p>\n<\/div>\n\n\n\n<div class=\"wp-block-boldblocks-feature-item wp-block-boldblocks-custom is-grid-item has-parent is-layout-flow wp-block-boldblocks-feature-item-is-layout-flow\">\n<figure class=\"wp-block-image size-full mx-auto\"><img decoding=\"async\" src=\"https:\/\/beta.rocketstudio.game\/wp-content\/uploads\/2022\/02\/icon4.svg\" alt=\"\" class=\"wp-image-367\"\/><\/figure>\n\n\n\n<h3 class=\"wp-block-heading text-primary\" id=\"work-with-giants-in-the-field\">C\u01a1 h\u1ed9i \u0111i ngh\u1ec9 d\u01b0\u1ee1ng c\u00f9ng c\u00f4ng ty, \u00edt nh\u1ea5t 3 l\u1ea7n\/n\u0103m<\/h3>\n\n\n\n<p>Rocketers go round the world<\/p>\n<\/div>\n\n\n\n<div class=\"wp-block-boldblocks-feature-item wp-block-boldblocks-custom is-grid-item has-parent is-layout-flow wp-block-boldblocks-feature-item-is-layout-flow\">\n<figure class=\"wp-block-image size-full mx-auto\"><img decoding=\"async\" src=\"https:\/\/beta.rocketstudio.game\/wp-content\/uploads\/2022\/02\/icon5.svg\" alt=\"\" class=\"wp-image-368\"\/><\/figure>\n\n\n\n<h3 class=\"wp-block-heading text-primary\" id=\"work-with-giants-in-the-field\">C\u00e2n b\u1eb1ng c\u00f4ng vi\u1ec7c v\u00e0 cu\u1ed9c s\u1ed1ng<\/h3>\n\n\n\n<p>Football team, Billiards contests, Pickleball, Yoga, etc.<\/p>\n<\/div>\n\n\n\n<div class=\"wp-block-boldblocks-feature-item wp-block-boldblocks-custom is-grid-item has-parent is-layout-flow wp-block-boldblocks-feature-item-is-layout-flow\">\n<figure class=\"wp-block-image size-full mx-auto\"><img decoding=\"async\" src=\"https:\/\/beta.rocketstudio.game\/wp-content\/uploads\/2022\/02\/icon6.svg\" alt=\"\" class=\"wp-image-369\"\/><\/figure>\n\n\n\n<h3 class=\"wp-block-heading text-primary\" id=\"work-with-giants-in-the-field\">M\u00f4i tr\u01b0\u1eddng l\u00e0m vi\u1ec7c tuy\u1ec7t v\u1eddi<\/h3>\n\n\n\n<p>Ti\u1ec7n nghi, thi\u1ebft b\u1ecb \u0111\u01b0\u1ee3c cung c\u1ea5p \u0111\u1ea7y \u0111\u1ee7 \u0111\u1ec3 th\u00fac \u0111\u1ea9y s\u1ef1 s\u00e1ng t\u1ea1o v\u00e0 c\u1ea3m h\u1ee9ng trong c\u00f4ng vi\u1ec7c.<\/p>\n<\/div>\n<\/div>\n<\/div>\n\n\n\n<div class=\"wp-block-boldblocks-image-text alignfull wp-block-boldblocks-custom is-layout-flow wp-block-boldblocks-image-text-is-layout-flow\">\n<div class=\"wp-block-boldblocks-grid-item-repeater alignfull wp-block-boldblocks-custom-parent is-grid image-text-alternate is-text-image has-animation has-tertiary-background-color has-background cbb-g-8 sm-cbb-grid-columns sm-cbb-grid-gap-column sm-cbb-grid-gap-row\">\n<div class=\"wp-block-boldblocks-grid-item wp-block-boldblocks-custom is-grid-item has-parent image-text-alternate__image is-layout-flow wp-block-boldblocks-grid-item-is-layout-flow cbb-g-6 sm-cbb-grid-item-column sm-cbb-grid-item-row\">\n<figure class=\"wp-block-image size-full\"><img loading=\"lazy\" decoding=\"async\" width=\"2048\" height=\"1365\" src=\"https:\/\/rocketstudio.game\/wp-content\/uploads\/2025\/03\/459207537_908205654674674_9187016394321581425_n-1.jpg\" alt=\"\" class=\"wp-image-6764\" srcset=\"https:\/\/rocketgamestudio.com\/wp-content\/uploads\/2025\/03\/459207537_908205654674674_9187016394321581425_n-1.jpg 2048w, https:\/\/rocketgamestudio.com\/wp-content\/uploads\/2025\/03\/459207537_908205654674674_9187016394321581425_n-1-300x200.jpg 300w, https:\/\/rocketgamestudio.com\/wp-content\/uploads\/2025\/03\/459207537_908205654674674_9187016394321581425_n-1-1024x683.jpg 1024w, https:\/\/rocketgamestudio.com\/wp-content\/uploads\/2025\/03\/459207537_908205654674674_9187016394321581425_n-1-768x512.jpg 768w, https:\/\/rocketgamestudio.com\/wp-content\/uploads\/2025\/03\/459207537_908205654674674_9187016394321581425_n-1-1536x1024.jpg 1536w, https:\/\/rocketgamestudio.com\/wp-content\/uploads\/2025\/03\/459207537_908205654674674_9187016394321581425_n-1-18x12.jpg 18w\" sizes=\"auto, (max-width: 2048px) 100vw, 2048px\" \/><\/figure>\n<\/div>\n\n\n\n<div class=\"wp-block-boldblocks-grid-item wp-block-boldblocks-custom is-grid-item has-parent image-text-alternate__text is-layout-flow wp-block-boldblocks-grid-item-is-layout-flow cbb-g-7 cbb-align-self sm-cbb-v-align sm-cbb-grid-item-column sm-cbb-grid-item-row\">\n<p>Con ng\u01b0\u1eddi c\u1ee7a Rocket l\u00e0 nh\u1eefng chuy\u00ean gia trong nhi\u1ec1u l\u0129nh v\u1ef1c, t\u1eeb C\u00f4ng ngh\u1ec7 Th\u00f4ng tin \u0111\u1ebfn Marketing, t\u1eeb h\u1ecda s\u0129 \u0111\u1ebfn nh\u00e0 s\u00e1ng t\u1ea1o video, nh\u01b0ng t\u1ea5t c\u1ea3 \u0111\u1ec1u c\u00f3 chung m\u1ed9t \u0111am m\u00ea: Tr\u00f2 ch\u01a1i \u0111i\u1ec7n t\u1eed. Ch\u00fang t\u00f4i \u0111ang n\u1ed7 l\u1ef1c \u0111\u1ec3 t\u1ea1o ra nh\u1eefng t\u1ef1a game tuy\u1ec7t v\u1eddi nh\u1ea5t nh\u1eb1m chia s\u1ebb \u0111am m\u00ea \u0111\u00f3 v\u1edbi h\u00e0ng tri\u1ec7u ng\u01b0\u1eddi ch\u01a1i tr\u00ean to\u00e0n th\u1ebf gi\u1edbi.<\/p>\n<\/div>\n<\/div>\n<\/div>\n\n\n\n<div class=\"wp-block-boldblocks-image-text alignfull wp-block-boldblocks-custom is-layout-flow wp-block-boldblocks-image-text-is-layout-flow\">\n<div class=\"wp-block-boldblocks-grid-item-repeater alignfull wp-block-boldblocks-custom-parent is-grid image-text-alternate has-animation has-tertiary-background-color has-background cbb-g-11 sm-cbb-grid-columns sm-cbb-grid-gap-column sm-cbb-grid-gap-row\">\n<div class=\"wp-block-boldblocks-grid-item wp-block-boldblocks-custom is-grid-item has-parent image-text-alternate__image is-layout-flow wp-block-boldblocks-grid-item-is-layout-flow cbb-g-9 sm-cbb-grid-item-column sm-cbb-grid-item-row\">\n<figure class=\"wp-block-image size-full\"><img loading=\"lazy\" decoding=\"async\" width=\"2048\" height=\"1426\" src=\"https:\/\/rocketstudio.game\/wp-content\/uploads\/2025\/03\/484848705_1050284503800121_3203774413544165319_n.jpg\" alt=\"\" class=\"wp-image-6767\" srcset=\"https:\/\/rocketgamestudio.com\/wp-content\/uploads\/2025\/03\/484848705_1050284503800121_3203774413544165319_n.jpg 2048w, https:\/\/rocketgamestudio.com\/wp-content\/uploads\/2025\/03\/484848705_1050284503800121_3203774413544165319_n-300x209.jpg 300w, https:\/\/rocketgamestudio.com\/wp-content\/uploads\/2025\/03\/484848705_1050284503800121_3203774413544165319_n-1024x713.jpg 1024w, https:\/\/rocketgamestudio.com\/wp-content\/uploads\/2025\/03\/484848705_1050284503800121_3203774413544165319_n-768x535.jpg 768w, https:\/\/rocketgamestudio.com\/wp-content\/uploads\/2025\/03\/484848705_1050284503800121_3203774413544165319_n-1536x1070.jpg 1536w, https:\/\/rocketgamestudio.com\/wp-content\/uploads\/2025\/03\/484848705_1050284503800121_3203774413544165319_n-18x12.jpg 18w\" sizes=\"auto, (max-width: 2048px) 100vw, 2048px\" \/><\/figure>\n<\/div>\n\n\n\n<div class=\"wp-block-boldblocks-grid-item wp-block-boldblocks-custom is-grid-item has-parent image-text-alternate__text is-layout-flow wp-block-boldblocks-grid-item-is-layout-flow cbb-g-10 cbb-align-self sm-cbb-v-align sm-cbb-grid-item-column sm-cbb-grid-item-row\">\n<p>\u1ede Rocket, kh\u00f4ng c\u00f3 ranh gi\u1edbi gi\u1eefa s\u1ebfp v\u00e0 nh\u00e2n vi\u00ean. M\u1ecdi ng\u01b0\u1eddi \u0111\u1ec1u c\u00f3 ti\u1ebfng n\u00f3i, v\u00e0 kh\u00f4ng ai b\u1ecb b\u1ecf l\u1ea1i ph\u00eda sau. T\u01b0\u01a1ng t\u00e1c li\u00ean t\u1ee5c v\u00e0 h\u1ecdc h\u1ecfi l\u1eabn nhau l\u00e0 c\u00e1ch ch\u00fang t\u00f4i duy tr\u00ec m\u1ed9t m\u00f4i tr\u01b0\u1eddng n\u0103ng \u0111\u1ed9ng, t\u00edch c\u1ef1c cho t\u1ea5t c\u1ea3 m\u1ecdi ng\u01b0\u1eddi.<\/p>\n<\/div>\n<\/div>\n<\/div>\n\n\n\n<div class=\"wp-block-boldblocks-image-text alignfull wp-block-boldblocks-custom is-layout-flow wp-block-boldblocks-image-text-is-layout-flow\">\n<div class=\"wp-block-boldblocks-grid-item-repeater alignfull wp-block-boldblocks-custom-parent is-grid image-text-alternate is-text-image has-animation has-tertiary-background-color has-background cbb-g-14 sm-cbb-grid-columns sm-cbb-grid-gap-column sm-cbb-grid-gap-row\">\n<div class=\"wp-block-boldblocks-grid-item wp-block-boldblocks-custom is-grid-item has-parent image-text-alternate__image is-layout-flow wp-block-boldblocks-grid-item-is-layout-flow cbb-g-12 sm-cbb-grid-item-column sm-cbb-grid-item-row\">\n<figure class=\"wp-block-image size-full\"><img loading=\"lazy\" decoding=\"async\" width=\"2048\" height=\"1380\" src=\"https:\/\/rocketstudio.game\/wp-content\/uploads\/2025\/03\/484074569_1050284200466818_5012152750551933293_n.jpg\" alt=\"\" class=\"wp-image-6768\" srcset=\"https:\/\/rocketgamestudio.com\/wp-content\/uploads\/2025\/03\/484074569_1050284200466818_5012152750551933293_n.jpg 2048w, https:\/\/rocketgamestudio.com\/wp-content\/uploads\/2025\/03\/484074569_1050284200466818_5012152750551933293_n-300x202.jpg 300w, https:\/\/rocketgamestudio.com\/wp-content\/uploads\/2025\/03\/484074569_1050284200466818_5012152750551933293_n-1024x690.jpg 1024w, https:\/\/rocketgamestudio.com\/wp-content\/uploads\/2025\/03\/484074569_1050284200466818_5012152750551933293_n-768x518.jpg 768w, https:\/\/rocketgamestudio.com\/wp-content\/uploads\/2025\/03\/484074569_1050284200466818_5012152750551933293_n-1536x1035.jpg 1536w, https:\/\/rocketgamestudio.com\/wp-content\/uploads\/2025\/03\/484074569_1050284200466818_5012152750551933293_n-18x12.jpg 18w\" sizes=\"auto, (max-width: 2048px) 100vw, 2048px\" \/><\/figure>\n<\/div>\n\n\n\n<div class=\"wp-block-boldblocks-grid-item wp-block-boldblocks-custom is-grid-item has-parent image-text-alternate__text is-layout-flow wp-block-boldblocks-grid-item-is-layout-flow cbb-g-13 cbb-align-self sm-cbb-v-align sm-cbb-grid-item-column sm-cbb-grid-item-row\">\n<p>Ch\u00fang t\u00f4i tin r\u1eb1ng th\u00e0nh c\u00f4ng s\u1ebd t\u1ef1 \u0111\u1ebfn khi ch\u00fang ta gi\u00fap ng\u01b0\u1eddi kh\u00e1c th\u00e0nh c\u00f4ng. V\u00ec v\u1eady, ch\u00fang t\u00f4i lu\u00f4n l\u00e0m vi\u1ec7c theo nh\u00f3m v\u00e0 coi tr\u1ecdng nh\u1eefng \u0111\u00f3ng g\u00f3p c\u1ee7a m\u1ecdi ng\u01b0\u1eddi d\u00f9 l\u00e0 nh\u1ecf nh\u1ea5t. \u0110\u00f4i khi, m\u1ed9t \u00fd t\u01b0\u1edfng nh\u1ecf c\u00f3 th\u1ec3 t\u1ea1o ra m\u1ed9t k\u1ebft qu\u1ea3 v\u01b0\u1ee3t tr\u1ed9i.<\/p>\n<\/div>\n<\/div>\n<\/div>\n\n\n\n<div class=\"wp-block-boldblocks-group alignfull wp-block-boldblocks-custom bb:has-background bb:has-background--image is-layout-constrained wp-block-boldblocks-group-is-layout-constrained cbb-g-16 sm-cbb-padding-top sm-cbb-padding-bottom\" id=\"job-board\"><div class=\"bb:block-background bb:block-background--image cbb-bg-image\" style=\"background-image:url(https:\/\/rocketgamestudio.com\/wp-content\/uploads\/2022\/02\/bg-job.png);background-position:50% 50%;background-repeat:no-repeat;background-size:cover;\"   data-src=\"https:\/\/rocketgamestudio.com\/wp-content\/uploads\/2022\/02\/bg-job.png\" data-width=\"1212\" data-height=\"368\"><\/div>\n<h2 class=\"wp-block-heading has-text-align-center has-animation\" id=\"what-makes-you-love-rocket\">B\u1ea1n \u0111\u00e3 s\u1eb5n s\u00e0ng \u0111\u1ec3 c\u00f9ng <br> Rocket th\u00e0nh c\u00f4ng?<\/h2>\n\n\n\n<div class=\"wp-block-boldblocks-group wp-block-boldblocks-custom is-layout-flow wp-block-boldblocks-group-is-layout-flow cbb-g-15 sm-cbb-padding-top\"><div class=\"has-animation wp-block-rs-job-board\">\t\t<div class=\"job-board is-table\"\">\n\t\t\t\t\t\t<div class=\"job-board__item\">\n\t\t\t\t\t\t\t\t<h4 class=\"job-board__item__title text-truncate mb-0\"><a class=\"has-primary-color\" href=\"https:\/\/rocketgamestudio.com\/vi\/job\/game-designer-intern\/\">Game Designer (Intern)<\/a><\/h4>\n\t\t\t\t<div class=\"job-board__item__meta\">Number: 2<\/div>\n\t\t\t\t<div class=\"job-board__item__more\"><a href=\"https:\/\/rocketgamestudio.com\/vi\/job\/game-designer-intern\/\" class=\"job-board__permalink has-primary-color\">Xem th\u00eam<\/a><\/div>\n\t\t\t\t\t\t\t<\/div>\n\t\t\t\t\t\t<div class=\"job-board__item\">\n\t\t\t\t\t\t\t\t<h4 class=\"job-board__item__title text-truncate mb-0\"><a class=\"has-primary-color\" href=\"https:\/\/rocketgamestudio.com\/vi\/job\/marketing-intern\/\">UA Marketing (Intern)<\/a><\/h4>\n\t\t\t\t<div class=\"job-board__item__meta\">Number: 2<\/div>\n\t\t\t\t<div class=\"job-board__item__more\"><a href=\"https:\/\/rocketgamestudio.com\/vi\/job\/marketing-intern\/\" class=\"job-board__permalink has-primary-color\">Xem th\u00eam<\/a><\/div>\n\t\t\t\t\t\t\t<\/div>\n\t\t\t\t\t\t<div class=\"job-board__item\">\n\t\t\t\t\t\t\t\t<h4 class=\"job-board__item__title text-truncate mb-0\"><a class=\"has-primary-color\" href=\"https:\/\/rocketgamestudio.com\/vi\/job\/playable-ads-intern\/\">Playable Ads (Intern)<\/a><\/h4>\n\t\t\t\t<div class=\"job-board__item__meta\">Number: 1<\/div>\n\t\t\t\t<div class=\"job-board__item__more\"><a href=\"https:\/\/rocketgamestudio.com\/vi\/job\/playable-ads-intern\/\" class=\"job-board__permalink has-primary-color\">Xem th\u00eam<\/a><\/div>\n\t\t\t\t\t\t\t<\/div>\n\t\t\t\t\t\t<div class=\"job-board__item\">\n\t\t\t\t\t\t\t\t<h4 class=\"job-board__item__title text-truncate mb-0\"><a class=\"has-primary-color\" href=\"https:\/\/rocketgamestudio.com\/vi\/job\/tester-fresher\/\">Tester (Fresher)<\/a><\/h4>\n\t\t\t\t<div class=\"job-board__item__meta\">Number: 2<\/div>\n\t\t\t\t<div class=\"job-board__item__more\"><a href=\"https:\/\/rocketgamestudio.com\/vi\/job\/tester-fresher\/\" class=\"job-board__permalink has-primary-color\">Xem th\u00eam<\/a><\/div>\n\t\t\t\t\t\t\t<\/div>\n\t\t\t\t\t<\/div>\n\n\t\t<\/div><\/div>\n<\/div>","protected":false},"excerpt":{"rendered":"","protected":false},"author":1,"featured_media":7408,"parent":0,"menu_order":0,"comment_status":"closed","ping_status":"closed","template":"","meta":{"CBBTypography":[],"footnotes":""},"class_list":["post-12","page","type-page","status-publish","has-post-thumbnail","hentry"],"_links":{"self":[{"href":"https:\/\/rocketgamestudio.com\/vi\/wp-json\/wp\/v2\/pages\/12","targetHints":{"allow":["GET"]}}],"collection":[{"href":"https:\/\/rocketgamestudio.com\/vi\/wp-json\/wp\/v2\/pages"}],"about":[{"href":"https:\/\/rocketgamestudio.com\/vi\/wp-json\/wp\/v2\/types\/page"}],"author":[{"embeddable":true,"href":"https:\/\/rocketgamestudio.com\/vi\/wp-json\/wp\/v2\/users\/1"}],"replies":[{"embeddable":true,"href":"https:\/\/rocketgamestudio.com\/vi\/wp-json\/wp\/v2\/comments?post=12"}],"version-history":[{"count":55,"href":"https:\/\/rocketgamestudio.com\/vi\/wp-json\/wp\/v2\/pages\/12\/revisions"}],"predecessor-version":[{"id":7829,"href":"https:\/\/rocketgamestudio.com\/vi\/wp-json\/wp\/v2\/pages\/12\/revisions\/7829"}],"wp:featuredmedia":[{"embeddable":true,"href":"https:\/\/rocketgamestudio.com\/vi\/wp-json\/wp\/v2\/media\/7408"}],"wp:attachment":[{"href":"https:\/\/rocketgamestudio.com\/vi\/wp-json\/wp\/v2\/media?parent=12"}],"curies":[{"name":"wp","href":"https:\/\/api.w.org\/{rel}","templated":true}]}}