{"id":10,"date":"2022-01-21T02:59:17","date_gmt":"2022-01-21T02:59:17","guid":{"rendered":"https:\/\/beta.rocketstudio.game\/?page_id=10"},"modified":"2022-02-26T22:50:58","modified_gmt":"2022-02-26T15:50:58","slug":"rockets-life","status":"publish","type":"page","link":"https:\/\/rocketgamestudio.com\/vi\/rockets-life\/","title":{"rendered":"Ho\u1ea1t \u0110\u1ed9ng"},"content":{"rendered":"\n<div class=\"wp-block-boldblocks-group alignfull wp-block-boldblocks-custom bb:has-background bb:has-background--image cbb-g-1 sm-cbb-padding-top sm-cbb-padding-bottom sm-cbb-text-align\" style=\"--bb--padding-top--sm:var(--bb--padding-top--lg);--bb--padding-bottom--sm:var(--bb--padding-bottom--lg);--bb--padding-top--md:var(--bb--padding-top--lg);--bb--padding-bottom--md:var(--bb--padding-bottom--lg);--bb--padding-top--lg:10rem;--bb--padding-bottom--lg:10rem;--bb--text-alignment--sm:var(--bb--text-alignment--lg);--bb--text-alignment--md:var(--bb--text-alignment--lg);--bb--text-alignment--lg:center\"><div class=\"bb:block-background bb:block-background--image is-layout-flow wp-block-boldblocks-group-is-layout-flow\" style=\"background-image:url(&quot;https:\/\/beta.rocketstudio.game\/wp-content\/uploads\/2022\/01\/bg3.jpg&quot;);background-position:50% 50%;background-repeat:no-repeat;background-size:cover\"><\/div>\n<h2 class=\"title-underline has-animation wp-block-heading\" id=\"rocket-s-life\">Rocket&#8217;s Life<\/h2>\n<\/div>\n\n\n\n<div class=\"wp-block-boldblocks-group wp-block-boldblocks-custom has-animation is-layout-flow wp-block-boldblocks-group-is-layout-flow cbb-g-2 sm-cbb-padding-top sm-cbb-padding-bottom\" style=\"--bb--padding-top--sm:var(--bb--padding-top--lg);--bb--padding-bottom--sm:var(--bb--padding-bottom--lg);--bb--padding-top--md:var(--bb--padding-top--lg);--bb--padding-bottom--md:var(--bb--padding-bottom--lg);--bb--padding-top--lg:4rem;--bb--padding-bottom--lg:4rem\">\n<div class=\"wp-block-query is-layout-flow wp-block-query-is-layout-flow\"><ul class=\"is-flex-container columns-3 wp-block-post-template is-layout-flow wp-block-post-template-is-layout-flow\"><li class=\"wp-block-post post-8296 post type-post status-publish format-standard has-post-thumbnail hentry category-rockets-life\">\n<figure class=\"alignwide overflow-hidden ratio ratio-4x3 wp-block-post-featured-image\"><a href=\"https:\/\/rocketgamestudio.com\/vi\/khai-xuan-binh-ngo-2026\/\" target=\"_self\"  ><img loading=\"lazy\" decoding=\"async\" width=\"2048\" height=\"1365\" src=\"https:\/\/rocketgamestudio.com\/wp-content\/uploads\/2026\/02\/641338213_1335472638614638_2066871510614915889_n.jpg\" class=\"attachment-post-thumbnail size-post-thumbnail wp-post-image\" alt=\"KHAI XU\u00c2N B\u00cdNH NG\u1ecc 2026\" style=\"object-fit:cover;\" srcset=\"https:\/\/rocketgamestudio.com\/wp-content\/uploads\/2026\/02\/641338213_1335472638614638_2066871510614915889_n.jpg 2048w, https:\/\/rocketgamestudio.com\/wp-content\/uploads\/2026\/02\/641338213_1335472638614638_2066871510614915889_n-300x200.jpg 300w, https:\/\/rocketgamestudio.com\/wp-content\/uploads\/2026\/02\/641338213_1335472638614638_2066871510614915889_n-1024x683.jpg 1024w, https:\/\/rocketgamestudio.com\/wp-content\/uploads\/2026\/02\/641338213_1335472638614638_2066871510614915889_n-768x512.jpg 768w, https:\/\/rocketgamestudio.com\/wp-content\/uploads\/2026\/02\/641338213_1335472638614638_2066871510614915889_n-1536x1024.jpg 1536w, https:\/\/rocketgamestudio.com\/wp-content\/uploads\/2026\/02\/641338213_1335472638614638_2066871510614915889_n-18x12.jpg 18w\" sizes=\"auto, (max-width: 2048px) 100vw, 2048px\" \/><\/a><\/figure>\n\n<div class=\"wp-block-post-date\"><time datetime=\"2026-02-26T09:47:48+07:00\">Th\u00e1ng 2 26, 2026<\/time><\/div>\n\n<h2 class=\"wp-block-post-title\"><a href=\"https:\/\/rocketgamestudio.com\/vi\/khai-xuan-binh-ngo-2026\/\" target=\"_self\" >KHAI XU\u00c2N B\u00cdNH NG\u1ecc 2026<\/a><\/h2>\n\n<div class=\"wp-block-post-excerpt\"><p class=\"wp-block-post-excerpt__excerpt\">Trong kh\u00f4ng kh\u00ed h\u00e2n hoan c\u1ee7a nh\u1eefng ng\u00e0y \u0111\u1ea7u n\u0103m m\u1edbi, to\u00e0n th\u1ec3 Rocket c\u00f9ng nhau h\u1ed9i ng\u1ed9 v\u00e0 &#8220;ch\u00e1y&#8221; h\u1ebft m\u00ecnh trong ng\u00e0y h\u1ed9i Khai Xu\u00e2n B\u00ednh Ng\u1ecd 2026! B\u01b0\u1edbc sang n\u0103m m\u1edbi, v\u1edbi tinh th\u1ea7n &#8220;T\u1ed1c \u0111\u1ed9 &#8211; Quy\u1ebft li\u1ec7t &#8211; Hi\u1ec7u qu\u1ea3&#8221;, ch\u00fac \u0111\u1ea1i gia \u0111\u00ecnh Rocket: S\u1ee9c kh\u1ecfe d\u1ebbo dai nh\u01b0<\/p><p class=\"wp-block-post-excerpt__more-text\"><a class=\"wp-block-post-excerpt__more-link\" href=\"https:\/\/rocketgamestudio.com\/vi\/khai-xuan-binh-ngo-2026\/\">Explore<\/a><\/p><\/div>\n<\/li><li class=\"wp-block-post post-8293 post type-post status-publish format-standard has-post-thumbnail hentry category-rockets-life\">\n<figure class=\"alignwide overflow-hidden ratio ratio-4x3 wp-block-post-featured-image\"><a href=\"https:\/\/rocketgamestudio.com\/vi\/rocket-game-studio-%f0%9d%90%98%f0%9d%90%84%f0%9d%90%80%f0%9d%90%91-%f0%9d%90%84%f0%9d%90%8d%f0%9d%90%83-%f0%9d%90%8f%f0%9d%90%80%f0%9d%90%91%f0%9d%90%93%f0%9d%90%98-%f0%9d%9f%90%f0%9d%9f%8e\/\" target=\"_self\"  ><img loading=\"lazy\" decoding=\"async\" width=\"2048\" height=\"1323\" src=\"https:\/\/rocketgamestudio.com\/wp-content\/uploads\/2026\/02\/628164086_1321718063323429_6920926483450044121_n-1.jpg\" class=\"attachment-post-thumbnail size-post-thumbnail wp-post-image\" alt=\"[ROCKET GAME STUDIO] \ud835\udc18\ud835\udc04\ud835\udc00\ud835\udc11 \ud835\udc04\ud835\udc0d\ud835\udc03 \ud835\udc0f\ud835\udc00\ud835\udc11\ud835\udc13\ud835\udc18 \ud835\udfd0\ud835\udfce\ud835\udfd0\ud835\udfd3 \u2013 \ud835\udc03\ud835\udc04\ud835\udc05\ud835\udc18 \ud835\udc06\ud835\udc11\ud835\udc00\ud835\udc15\ud835\udc08\ud835\udc13\ud835\udc18\" style=\"object-fit:cover;\" srcset=\"https:\/\/rocketgamestudio.com\/wp-content\/uploads\/2026\/02\/628164086_1321718063323429_6920926483450044121_n-1.jpg 2048w, https:\/\/rocketgamestudio.com\/wp-content\/uploads\/2026\/02\/628164086_1321718063323429_6920926483450044121_n-1-300x194.jpg 300w, https:\/\/rocketgamestudio.com\/wp-content\/uploads\/2026\/02\/628164086_1321718063323429_6920926483450044121_n-1-1024x662.jpg 1024w, https:\/\/rocketgamestudio.com\/wp-content\/uploads\/2026\/02\/628164086_1321718063323429_6920926483450044121_n-1-768x496.jpg 768w, https:\/\/rocketgamestudio.com\/wp-content\/uploads\/2026\/02\/628164086_1321718063323429_6920926483450044121_n-1-1536x992.jpg 1536w, https:\/\/rocketgamestudio.com\/wp-content\/uploads\/2026\/02\/628164086_1321718063323429_6920926483450044121_n-1-18x12.jpg 18w\" sizes=\"auto, (max-width: 2048px) 100vw, 2048px\" \/><\/a><\/figure>\n\n<div class=\"wp-block-post-date\"><time datetime=\"2026-02-26T09:46:37+07:00\">Th\u00e1ng 2 26, 2026<\/time><\/div>\n\n<h2 class=\"wp-block-post-title\"><a href=\"https:\/\/rocketgamestudio.com\/vi\/rocket-game-studio-%f0%9d%90%98%f0%9d%90%84%f0%9d%90%80%f0%9d%90%91-%f0%9d%90%84%f0%9d%90%8d%f0%9d%90%83-%f0%9d%90%8f%f0%9d%90%80%f0%9d%90%91%f0%9d%90%93%f0%9d%90%98-%f0%9d%9f%90%f0%9d%9f%8e\/\" target=\"_self\" >[ROCKET GAME STUDIO] \ud835\udc18\ud835\udc04\ud835\udc00\ud835\udc11 \ud835\udc04\ud835\udc0d\ud835\udc03 \ud835\udc0f\ud835\udc00\ud835\udc11\ud835\udc13\ud835\udc18 \ud835\udfd0\ud835\udfce\ud835\udfd0\ud835\udfd3 \u2013 \ud835\udc03\ud835\udc04\ud835\udc05\ud835\udc18 \ud835\udc06\ud835\udc11\ud835\udc00\ud835\udc15\ud835\udc08\ud835\udc13\ud835\udc18<\/a><\/h2>\n\n<div class=\"wp-block-post-excerpt\"><p class=\"wp-block-post-excerpt__excerpt\">Chu\u1ed7i s\u1ef1 ki\u1ec7n Year End Party 2025 \u2013 Defy Gravity c\u1ee7a Rocket Game Studio \u0111\u00e3 ch\u00ednh th\u1ee9c kh\u00e9p l\u1ea1i v\u00e0o ng\u00e0y 06\/02\/2026, \u0111\u1ec3 l\u1ea1i nh\u1eefng kho\u1ea3nh kh\u1eafc b\u00f9ng n\u1ed5 c\u1ea3m x\u00fac, g\u1eafn k\u1ebft v\u00e0 \u0111\u1ea7y t\u1ef1 h\u00e0o trong l\u00f2ng m\u1ed7i Rocketer. Nh\u1eefng d\u1ea5u \u1ea5n n\u1ed5i b\u1eadt t\u1ea1i YEP 2025: H\u1ed9i ch\u1ee3 T\u1ebft \u0111\u1eadm v\u1ecb Xu\u00e2n,<\/p><p class=\"wp-block-post-excerpt__more-text\"><a class=\"wp-block-post-excerpt__more-link\" href=\"https:\/\/rocketgamestudio.com\/vi\/rocket-game-studio-%f0%9d%90%98%f0%9d%90%84%f0%9d%90%80%f0%9d%90%91-%f0%9d%90%84%f0%9d%90%8d%f0%9d%90%83-%f0%9d%90%8f%f0%9d%90%80%f0%9d%90%91%f0%9d%90%93%f0%9d%90%98-%f0%9d%9f%90%f0%9d%9f%8e\/\">Explore<\/a><\/p><\/div>\n<\/li><li class=\"wp-block-post post-8112 post type-post status-publish format-standard has-post-thumbnail hentry category-rockets-life\">\n<figure class=\"alignwide overflow-hidden ratio ratio-4x3 wp-block-post-featured-image\"><a href=\"https:\/\/rocketgamestudio.com\/vi\/%f0%9d%90%91%f0%9d%90%8e%f0%9d%90%82%f0%9d%90%8a%f0%9d%90%84%f0%9d%90%93-%f0%9d%90%86%f0%9d%90%80%f0%9d%90%8c%f0%9d%90%84-%f0%9d%90%92%f0%9d%90%93%f0%9d%90%94%f0%9d%90%83%f0%9d%90%88%f0%9d%90%8e\/\" target=\"_self\"  ><img loading=\"lazy\" decoding=\"async\" width=\"2560\" height=\"1707\" src=\"https:\/\/rocketgamestudio.com\/wp-content\/uploads\/2025\/11\/IMG_2199-scaled.jpg\" class=\"attachment-post-thumbnail size-post-thumbnail wp-post-image\" alt=\"\ud835\udc11\ud835\udc0e\ud835\udc02\ud835\udc0a\ud835\udc04\ud835\udc13 \ud835\udc06\ud835\udc00\ud835\udc0c\ud835\udc04 \ud835\udc12\ud835\udc13\ud835\udc14\ud835\udc03\ud835\udc08\ud835\udc0e \ud835\udc31 \ud835\udc06\ud835\udc0e\ud835\udc0e\ud835\udc06\ud835\udc0b\ud835\udc04 \ud835\udc00\ud835\udc0f\ud835\udc0f\ud835\udc12 \ud835\udc12\ud835\udc14\ud835\udc0c\ud835\udc0c\ud835\udc08\ud835\udc13 \ud835\udfd0\ud835\udfce\ud835\udfd0\ud835\udfd3\" style=\"object-fit:cover;\" srcset=\"https:\/\/rocketgamestudio.com\/wp-content\/uploads\/2025\/11\/IMG_2199-scaled.jpg 2560w, https:\/\/rocketgamestudio.com\/wp-content\/uploads\/2025\/11\/IMG_2199-300x200.jpg 300w, https:\/\/rocketgamestudio.com\/wp-content\/uploads\/2025\/11\/IMG_2199-1024x683.jpg 1024w, https:\/\/rocketgamestudio.com\/wp-content\/uploads\/2025\/11\/IMG_2199-768x512.jpg 768w, https:\/\/rocketgamestudio.com\/wp-content\/uploads\/2025\/11\/IMG_2199-1536x1024.jpg 1536w, https:\/\/rocketgamestudio.com\/wp-content\/uploads\/2025\/11\/IMG_2199-2048x1365.jpg 2048w, https:\/\/rocketgamestudio.com\/wp-content\/uploads\/2025\/11\/IMG_2199-18x12.jpg 18w\" sizes=\"auto, (max-width: 2560px) 100vw, 2560px\" \/><\/a><\/figure>\n\n<div class=\"wp-block-post-date\"><time datetime=\"2025-11-21T09:47:42+07:00\">Th\u00e1ng m\u01b0\u1eddi m\u1ed9t 21, 2025<\/time><\/div>\n\n<h2 class=\"wp-block-post-title\"><a href=\"https:\/\/rocketgamestudio.com\/vi\/%f0%9d%90%91%f0%9d%90%8e%f0%9d%90%82%f0%9d%90%8a%f0%9d%90%84%f0%9d%90%93-%f0%9d%90%86%f0%9d%90%80%f0%9d%90%8c%f0%9d%90%84-%f0%9d%90%92%f0%9d%90%93%f0%9d%90%94%f0%9d%90%83%f0%9d%90%88%f0%9d%90%8e\/\" target=\"_self\" >\ud835\udc11\ud835\udc0e\ud835\udc02\ud835\udc0a\ud835\udc04\ud835\udc13 \ud835\udc06\ud835\udc00\ud835\udc0c\ud835\udc04 \ud835\udc12\ud835\udc13\ud835\udc14\ud835\udc03\ud835\udc08\ud835\udc0e \ud835\udc31 \ud835\udc06\ud835\udc0e\ud835\udc0e\ud835\udc06\ud835\udc0b\ud835\udc04 \ud835\udc00\ud835\udc0f\ud835\udc0f\ud835\udc12 \ud835\udc12\ud835\udc14\ud835\udc0c\ud835\udc0c\ud835\udc08\ud835\udc13 \ud835\udfd0\ud835\udfce\ud835\udfd0\ud835\udfd3<\/a><\/h2>\n\n<div class=\"wp-block-post-excerpt\"><p class=\"wp-block-post-excerpt__excerpt\">Google Apps Summit 2025 \u2013 s\u1ef1 ki\u1ec7n c\u00f4ng ngh\u1ec7 \u0111\u01b0\u1ee3c mong ch\u1edd nh\u1ea5t n\u0103m d\u00e0nh cho c\u1ed9ng \u0111\u1ed3ng nh\u00e0 ph\u00e1t tri\u1ec3n \u1ee9ng d\u1ee5ng \u2013 l\u1ea7n \u0111\u1ea7u ti\u00ean \u0111\u01b0\u1ee3c t\u1ed5 ch\u1ee9c t\u1ea1i Vi\u1ec7t Nam, quy t\u1ee5 h\u00e0ng tr\u0103m \u0111\u1ed1i t\u00e1c, chuy\u00ean gia v\u00e0 doanh nghi\u1ec7p s\u00e1ng t\u1ea1o t\u1eeb kh\u1eafp khu v\u1ef1c. \u0110\u00e2y l\u00e0 c\u01a1 h\u1ed9i \u0111\u1ec3<\/p><p class=\"wp-block-post-excerpt__more-text\"><a class=\"wp-block-post-excerpt__more-link\" href=\"https:\/\/rocketgamestudio.com\/vi\/%f0%9d%90%91%f0%9d%90%8e%f0%9d%90%82%f0%9d%90%8a%f0%9d%90%84%f0%9d%90%93-%f0%9d%90%86%f0%9d%90%80%f0%9d%90%8c%f0%9d%90%84-%f0%9d%90%92%f0%9d%90%93%f0%9d%90%94%f0%9d%90%83%f0%9d%90%88%f0%9d%90%8e\/\">Explore<\/a><\/p><\/div>\n<\/li><li class=\"wp-block-post post-8028 post type-post status-publish format-standard has-post-thumbnail hentry category-rockets-life\">\n<figure class=\"alignwide overflow-hidden ratio ratio-4x3 wp-block-post-featured-image\"><a href=\"https:\/\/rocketgamestudio.com\/vi\/%f0%9d%90%91%f0%9d%90%a8%f0%9d%90%9c%f0%9d%90%a4%f0%9d%90%9e%f0%9d%90%ad-%f0%9d%90%84%f0%9d%90%af%f0%9d%90%9e%f0%9d%90%a7%f0%9d%90%ad-%f0%9d%90%86%f0%9d%90%91%f0%9d%90%80%f0%9d%90%82%f0%9d%90%84\/\" target=\"_self\"  ><img loading=\"lazy\" decoding=\"async\" width=\"1921\" height=\"2560\" src=\"https:\/\/rocketgamestudio.com\/wp-content\/uploads\/2025\/10\/z7137552338328_238aae2894d15eb0a4ee49f9929be555-scaled.jpg\" class=\"attachment-post-thumbnail size-post-thumbnail wp-post-image\" alt=\"[\ud835\udc11\ud835\udc28\ud835\udc1c\ud835\udc24\ud835\udc1e\ud835\udc2d \ud835\udc04\ud835\udc2f\ud835\udc1e\ud835\udc27\ud835\udc2d] \ud835\udc06\ud835\udc11\ud835\udc00\ud835\udc02\ud835\udc04\ud835\udc05\ud835\udc14\ud835\udc0b\ud835\udc0b\ud835\udc18, \ud835\udc18\ud835\udc0e\ud835\udc14\ud835\udc11\ud835\udc12 \u2013 \ud835\udc0d\ud835\udc06\ud835\udc00\u0300\ud835\udc18 \ud835\udc02\ud835\udc14\u0309\ud835\udc00 \ud835\udc0d\ud835\udc07\ud835\udc14\u031b\u0303\ud835\udc0d\ud835\udc06 \ud835\udc01\ud835\udc0e\u0302\ud835\udc0d\ud835\udc06 \ud835\udc07\ud835\udc0e\ud835\udc00 \ud835\udc11\ud835\udc0e\ud835\udc02\ud835\udc0a\ud835\udc04\ud835\udc13\" style=\"object-fit:cover;\" srcset=\"https:\/\/rocketgamestudio.com\/wp-content\/uploads\/2025\/10\/z7137552338328_238aae2894d15eb0a4ee49f9929be555-scaled.jpg 1921w, https:\/\/rocketgamestudio.com\/wp-content\/uploads\/2025\/10\/z7137552338328_238aae2894d15eb0a4ee49f9929be555-225x300.jpg 225w, https:\/\/rocketgamestudio.com\/wp-content\/uploads\/2025\/10\/z7137552338328_238aae2894d15eb0a4ee49f9929be555-769x1024.jpg 769w, https:\/\/rocketgamestudio.com\/wp-content\/uploads\/2025\/10\/z7137552338328_238aae2894d15eb0a4ee49f9929be555-768x1023.jpg 768w, https:\/\/rocketgamestudio.com\/wp-content\/uploads\/2025\/10\/z7137552338328_238aae2894d15eb0a4ee49f9929be555-1153x1536.jpg 1153w, https:\/\/rocketgamestudio.com\/wp-content\/uploads\/2025\/10\/z7137552338328_238aae2894d15eb0a4ee49f9929be555-1537x2048.jpg 1537w, https:\/\/rocketgamestudio.com\/wp-content\/uploads\/2025\/10\/z7137552338328_238aae2894d15eb0a4ee49f9929be555-9x12.jpg 9w\" sizes=\"auto, (max-width: 1921px) 100vw, 1921px\" \/><\/a><\/figure>\n\n<div class=\"wp-block-post-date\"><time datetime=\"2025-10-30T16:53:47+07:00\">Th\u00e1ng 10 30, 2025<\/time><\/div>\n\n<h2 class=\"wp-block-post-title\"><a href=\"https:\/\/rocketgamestudio.com\/vi\/%f0%9d%90%91%f0%9d%90%a8%f0%9d%90%9c%f0%9d%90%a4%f0%9d%90%9e%f0%9d%90%ad-%f0%9d%90%84%f0%9d%90%af%f0%9d%90%9e%f0%9d%90%a7%f0%9d%90%ad-%f0%9d%90%86%f0%9d%90%91%f0%9d%90%80%f0%9d%90%82%f0%9d%90%84\/\" target=\"_self\" >[\ud835\udc11\ud835\udc28\ud835\udc1c\ud835\udc24\ud835\udc1e\ud835\udc2d \ud835\udc04\ud835\udc2f\ud835\udc1e\ud835\udc27\ud835\udc2d] \ud835\udc06\ud835\udc11\ud835\udc00\ud835\udc02\ud835\udc04\ud835\udc05\ud835\udc14\ud835\udc0b\ud835\udc0b\ud835\udc18, \ud835\udc18\ud835\udc0e\ud835\udc14\ud835\udc11\ud835\udc12 \u2013 \ud835\udc0d\ud835\udc06\ud835\udc00\u0300\ud835\udc18 \ud835\udc02\ud835\udc14\u0309\ud835\udc00 \ud835\udc0d\ud835\udc07\ud835\udc14\u031b\u0303\ud835\udc0d\ud835\udc06 \ud835\udc01\ud835\udc0e\u0302\ud835\udc0d\ud835\udc06 \ud835\udc07\ud835\udc0e\ud835\udc00 \ud835\udc11\ud835\udc0e\ud835\udc02\ud835\udc0a\ud835\udc04\ud835\udc13<\/a><\/h2>\n\n<div class=\"wp-block-post-excerpt\"><p class=\"wp-block-post-excerpt__excerpt\">Nh\u1eefng b\u00f4ng hoa xinh \u0111\u1eb9p c\u1ee7a Nh\u00e0 T\u00ean L\u1eeda \u0111\u00e3 c\u00f3 m\u1ed9t bu\u1ed5i chi\u1ec1u tr\u00e0n ng\u1eadp y\u00eau th\u01b0\u01a1ng v\u1edbi nh\u1eefng m\u00f3n qu\u00e0 \u00fd ngh\u0129a, l\u1eddi ch\u00fac ng\u1ecdt ng\u00e0o v\u00e0 nh\u1eefng kho\u1ea3nh kh\u1eafc th\u1eadt \u201cchill\u201d trong Workshop n\u1ebfn th\u01a1m, n\u01a1i m\u1ed7i ch\u1ecb em \u0111\u01b0\u1ee3c t\u1ef1 tay t\u1ea1o n\u00ean m\u00f9i h\u01b0\u01a1ng y\u00eau th\u00edch c\u1ee7a ri\u00eang m\u00ecnh Nh\u00e2n<\/p><p class=\"wp-block-post-excerpt__more-text\"><a class=\"wp-block-post-excerpt__more-link\" href=\"https:\/\/rocketgamestudio.com\/vi\/%f0%9d%90%91%f0%9d%90%a8%f0%9d%90%9c%f0%9d%90%a4%f0%9d%90%9e%f0%9d%90%ad-%f0%9d%90%84%f0%9d%90%af%f0%9d%90%9e%f0%9d%90%a7%f0%9d%90%ad-%f0%9d%90%86%f0%9d%90%91%f0%9d%90%80%f0%9d%90%82%f0%9d%90%84\/\">Explore<\/a><\/p><\/div>\n<\/li><li class=\"wp-block-post post-7812 post type-post status-publish format-standard has-post-thumbnail hentry category-rockets-life\">\n<figure class=\"alignwide overflow-hidden ratio ratio-4x3 wp-block-post-featured-image\"><a href=\"https:\/\/rocketgamestudio.com\/vi\/hanh-trinh-ruc-ro-the-ten-of-magic\/\" target=\"_self\"  ><img loading=\"lazy\" decoding=\"async\" width=\"2048\" height=\"1366\" src=\"https:\/\/rocketgamestudio.com\/wp-content\/uploads\/2025\/09\/544555590_1189545906540646_3715811251008974273_n.jpg\" class=\"attachment-post-thumbnail size-post-thumbnail wp-post-image\" alt=\"H\u00c0NH TR\u00ccNH R\u1ef0C R\u1ee0 \u2013 THE TEN OF MAGIC\" style=\"object-fit:cover;\" srcset=\"https:\/\/rocketgamestudio.com\/wp-content\/uploads\/2025\/09\/544555590_1189545906540646_3715811251008974273_n.jpg 2048w, https:\/\/rocketgamestudio.com\/wp-content\/uploads\/2025\/09\/544555590_1189545906540646_3715811251008974273_n-300x200.jpg 300w, https:\/\/rocketgamestudio.com\/wp-content\/uploads\/2025\/09\/544555590_1189545906540646_3715811251008974273_n-1024x683.jpg 1024w, https:\/\/rocketgamestudio.com\/wp-content\/uploads\/2025\/09\/544555590_1189545906540646_3715811251008974273_n-768x512.jpg 768w, https:\/\/rocketgamestudio.com\/wp-content\/uploads\/2025\/09\/544555590_1189545906540646_3715811251008974273_n-1536x1025.jpg 1536w, https:\/\/rocketgamestudio.com\/wp-content\/uploads\/2025\/09\/544555590_1189545906540646_3715811251008974273_n-18x12.jpg 18w\" sizes=\"auto, (max-width: 2048px) 100vw, 2048px\" \/><\/a><\/figure>\n\n<div class=\"wp-block-post-date\"><time datetime=\"2025-09-10T14:04:22+07:00\">Th\u00e1ng 9 10, 2025<\/time><\/div>\n\n<h2 class=\"wp-block-post-title\"><a href=\"https:\/\/rocketgamestudio.com\/vi\/hanh-trinh-ruc-ro-the-ten-of-magic\/\" target=\"_self\" >H\u00c0NH TR\u00ccNH R\u1ef0C R\u1ee0 \u2013 THE TEN OF MAGIC<\/a><\/h2>\n\n<div class=\"wp-block-post-excerpt\"><p class=\"wp-block-post-excerpt__excerpt\">S\u1ef1 ki\u1ec7n sinh nh\u1eadt k\u1ec9 ni\u1ec7m 10 n\u0103m th\u00e0nh l\u1eadp c\u1ee7a Rocket v\u1edbi ch\u1ee7 \u0111\u1ec1 &#8220;The Ten of Magic&#8221; \u0111\u00e3 ch\u00ednh th\u1ee9c kh\u00e9p l\u1ea1i v\u1edbi bao c\u1ea3m x\u00fac kh\u00f3 qu\u00ean. T\u1eeb nh\u1eefng kho\u1ea3nh kh\u1eafc nh\u00ecn l\u1ea1i, nh\u1eefng ph\u00fat gi\u00e2y tri \u00e2n \u0111\u1ea7y x\u00fac \u0111\u1ed9ng \u0111\u1ebfn gi\u00e2y ph\u00fat ch\u00fang ta c\u00f9ng nhau n\u00e2ng ly ch\u00fac m\u1eebng<\/p><p class=\"wp-block-post-excerpt__more-text\"><a class=\"wp-block-post-excerpt__more-link\" href=\"https:\/\/rocketgamestudio.com\/vi\/hanh-trinh-ruc-ro-the-ten-of-magic\/\">Explore<\/a><\/p><\/div>\n<\/li><li class=\"wp-block-post post-7597 post type-post status-publish format-standard has-post-thumbnail hentry category-rockets-life\">\n<figure class=\"alignwide overflow-hidden ratio ratio-4x3 wp-block-post-featured-image\"><a href=\"https:\/\/rocketgamestudio.com\/vi\/rocket-event-recap-su-kien-rung-chuong-vang-rocket-golden-bell-2025\/\" target=\"_self\"  ><img loading=\"lazy\" decoding=\"async\" width=\"2560\" height=\"1705\" src=\"https:\/\/rocketgamestudio.com\/wp-content\/uploads\/2025\/07\/2-2-scaled.jpg\" class=\"attachment-post-thumbnail size-post-thumbnail wp-post-image\" alt=\"[ROCKET EVENT] RECAP S\u1ef0 KI\u1ec6N RUNG CHU\u00d4NG V\u00c0NG &#8211; ROCKET GOLDEN BELL 2025\" style=\"object-fit:cover;\" srcset=\"https:\/\/rocketgamestudio.com\/wp-content\/uploads\/2025\/07\/2-2-scaled.jpg 2560w, https:\/\/rocketgamestudio.com\/wp-content\/uploads\/2025\/07\/2-2-300x200.jpg 300w, https:\/\/rocketgamestudio.com\/wp-content\/uploads\/2025\/07\/2-2-1024x682.jpg 1024w, https:\/\/rocketgamestudio.com\/wp-content\/uploads\/2025\/07\/2-2-768x511.jpg 768w, https:\/\/rocketgamestudio.com\/wp-content\/uploads\/2025\/07\/2-2-1536x1023.jpg 1536w, https:\/\/rocketgamestudio.com\/wp-content\/uploads\/2025\/07\/2-2-2048x1364.jpg 2048w, https:\/\/rocketgamestudio.com\/wp-content\/uploads\/2025\/07\/2-2-18x12.jpg 18w\" sizes=\"auto, (max-width: 2560px) 100vw, 2560px\" \/><\/a><\/figure>\n\n<div class=\"wp-block-post-date\"><time datetime=\"2025-07-21T15:45:15+07:00\">Th\u00e1ng 7 21, 2025<\/time><\/div>\n\n<h2 class=\"wp-block-post-title\"><a href=\"https:\/\/rocketgamestudio.com\/vi\/rocket-event-recap-su-kien-rung-chuong-vang-rocket-golden-bell-2025\/\" target=\"_self\" >[ROCKET EVENT] RECAP S\u1ef0 KI\u1ec6N RUNG CHU\u00d4NG V\u00c0NG &#8211; ROCKET GOLDEN BELL 2025<\/a><\/h2>\n\n<div class=\"wp-block-post-excerpt\"><p class=\"wp-block-post-excerpt__excerpt\">Chi\u1ec1u ng\u00e0y 18\/7, s\u00e2n ch\u01a1i k\u1ebft n\u1ed1i tri th\u1ee9c v\u00e0 tinh th\u1ea7n \u0111\u1ed3ng \u0111\u1ed9i \ud835\udc45\ud835\udc62\ud835\udc5b\ud835\udc54 \ud835\udc36\u210e\ud835\udc62\ud835\udc5c\u0302\ud835\udc5b\ud835\udc54 \ud835\udc49\ud835\udc4e\u0300\ud835\udc5b\ud835\udc54 2025 \u0111\u00e3 \u0111\u01b0\u1ee3c t\u1ed5 ch\u1ee9c t\u1ea1i Rocket Game Studio, quy t\u1ee5 40 th\u00ed sinh xu\u1ea5t s\u1eafc v\u00e0 s\u1ef1 c\u1ed5 v\u0169 nhi\u1ec7t t\u00ecnh t\u1eeb c\u00e1c c\u1ed5 \u0111\u1ed9ng vi\u00ean C\u00e1c Rocketer kh\u00f4ng ch\u1ec9 ch\u00e1y h\u1ebft m\u00ecnh v\u1edbi lo\u1ea1t c\u00e2u h\u1ecfi<\/p><p class=\"wp-block-post-excerpt__more-text\"><a class=\"wp-block-post-excerpt__more-link\" href=\"https:\/\/rocketgamestudio.com\/vi\/rocket-event-recap-su-kien-rung-chuong-vang-rocket-golden-bell-2025\/\">Explore<\/a><\/p><\/div>\n<\/li><\/ul>\n\n<nav class=\"wp-block-query-pagination is-content-justification-center is-layout-flex wp-container-core-query-pagination-is-layout-a89b3969 wp-block-query-pagination-is-layout-flex\" aria-label=\"Ph\u00e2n trang\">\n\n\n<div class=\"wp-block-query-pagination-numbers\"><span aria-current=\"page\" class=\"page-numbers current\">1<\/span>\n<a class=\"page-numbers\" href=\"?query-7-page=2\">2<\/a>\n<a class=\"page-numbers\" href=\"?query-7-page=3\">3<\/a>\n<span class=\"page-numbers dots\">&hellip;<\/span>\n<a class=\"page-numbers\" href=\"?query-7-page=19\">19<\/a><\/div>\n\n<a href=\"\/vi\/wp-json\/wp\/v2\/pages\/10?query-7-page=2\" class=\"wp-block-query-pagination-next\">Trang sau<span class='wp-block-query-pagination-next-arrow is-arrow-arrow' aria-hidden='true'>\u2192<\/span><\/a>\n<\/nav><\/div>\n<\/div>\n","protected":false},"excerpt":{"rendered":"","protected":false},"author":1,"featured_media":0,"parent":0,"menu_order":0,"comment_status":"closed","ping_status":"closed","template":"","meta":{"CBBTypography":[],"footnotes":""},"class_list":["post-10","page","type-page","status-publish","hentry"],"_links":{"self":[{"href":"https:\/\/rocketgamestudio.com\/vi\/wp-json\/wp\/v2\/pages\/10","targetHints":{"allow":["GET"]}}],"collection":[{"href":"https:\/\/rocketgamestudio.com\/vi\/wp-json\/wp\/v2\/pages"}],"about":[{"href":"https:\/\/rocketgamestudio.com\/vi\/wp-json\/wp\/v2\/types\/page"}],"author":[{"embeddable":true,"href":"https:\/\/rocketgamestudio.com\/vi\/wp-json\/wp\/v2\/users\/1"}],"replies":[{"embeddable":true,"href":"https:\/\/rocketgamestudio.com\/vi\/wp-json\/wp\/v2\/comments?post=10"}],"version-history":[{"count":8,"href":"https:\/\/rocketgamestudio.com\/vi\/wp-json\/wp\/v2\/pages\/10\/revisions"}],"predecessor-version":[{"id":881,"href":"https:\/\/rocketgamestudio.com\/vi\/wp-json\/wp\/v2\/pages\/10\/revisions\/881"}],"wp:attachment":[{"href":"https:\/\/rocketgamestudio.com\/vi\/wp-json\/wp\/v2\/media?parent=10"}],"curies":[{"name":"wp","href":"https:\/\/api.w.org\/{rel}","templated":true}]}}